{"id":102,"date":"2022-01-12T11:34:31","date_gmt":"2022-01-12T10:34:31","guid":{"rendered":"http:\/\/psv.yookerdesign.nl\/?page_id=102"},"modified":"2024-07-15T15:14:07","modified_gmt":"2024-07-15T13:14:07","slug":"over-ons","status":"publish","type":"page","link":"https:\/\/psv.yookerdesign.nl\/es\/over-ons\/","title":{"rendered":"Sobre nosotras"},"content":{"rendered":"<section class=\"l-section wpb_row hide_on_mobiles height_auto\"><div class=\"l-section-h i-cf\"><div class=\"g-cols vc_row via_flex valign_top type_default stacking_default\" style=\"--additional-gap:0.5rem;\"><div class=\"vc_col-sm-3\/5 wpb_column vc_column_container stretched\"><div class=\"vc_column-inner us_custom_ed1d14ae\"><div class=\"wpb_wrapper\"><div class=\"w-post-elm post_custom_field us_custom_0a731c65 banner-foto type_image option|over_ons_bannerfoto_1 color_link_inherit\"><img decoding=\"async\" width=\"980\" height=\"653\" src=\"https:\/\/psv.yookerdesign.nl\/wp-content\/uploads\/2023\/09\/64903.jpg\" class=\"attachment-large size-large\" alt=\"psv interest days\" srcset=\"https:\/\/psv.yookerdesign.nl\/wp-content\/uploads\/2023\/09\/64903.jpg 980w, https:\/\/psv.yookerdesign.nl\/wp-content\/uploads\/2023\/09\/64903-300x200.jpg 300w, https:\/\/psv.yookerdesign.nl\/wp-content\/uploads\/2023\/09\/64903-18x12.jpg 18w, https:\/\/psv.yookerdesign.nl\/wp-content\/uploads\/2023\/09\/64903-450x300.jpg 450w, https:\/\/psv.yookerdesign.nl\/wp-content\/uploads\/2023\/09\/64903-240x160.jpg 240w, https:\/\/psv.yookerdesign.nl\/wp-content\/uploads\/2023\/09\/64903-600x400.jpg 600w\" sizes=\"(max-width: 980px) 100vw, 980px\" \/><\/div><div class=\"w-separator size_custom\" style=\"height:50vh\"><\/div><\/div><\/div><\/div><div class=\"vc_col-sm-2\/5 wpb_column vc_column_container stretched\"><div class=\"vc_column-inner us_custom_e6b302da\"><div class=\"wpb_wrapper\"><div class=\"w-post-elm post_custom_field us_custom_0a731c65 banner-foto type_image option|over_ons_bannerfoto_2 color_link_inherit\"><img decoding=\"async\" width=\"683\" height=\"1024\" src=\"https:\/\/psv.yookerdesign.nl\/wp-content\/uploads\/2023\/09\/240717PZ20941-683x1024.jpg\" class=\"attachment-large size-large\" alt=\"zesweekse programma\" srcset=\"https:\/\/psv.yookerdesign.nl\/wp-content\/uploads\/2023\/09\/240717PZ20941-683x1024.jpg 683w, https:\/\/psv.yookerdesign.nl\/wp-content\/uploads\/2023\/09\/240717PZ20941-200x300.jpg 200w, https:\/\/psv.yookerdesign.nl\/wp-content\/uploads\/2023\/09\/240717PZ20941-8x12.jpg 8w, https:\/\/psv.yookerdesign.nl\/wp-content\/uploads\/2023\/09\/240717PZ20941-133x200.jpg 133w, https:\/\/psv.yookerdesign.nl\/wp-content\/uploads\/2023\/09\/240717PZ20941-600x900.jpg 600w, https:\/\/psv.yookerdesign.nl\/wp-content\/uploads\/2023\/09\/240717PZ20941-scaled.jpg 1707w\" sizes=\"(max-width: 683px) 100vw, 683px\" \/><\/div><h1 class=\"w-post-elm post_title us_custom_bb260fb6 backdrop klein entry-title color_link_inherit\">Sobre nosotras<\/h1><\/div><\/div><\/div><\/div><\/div><\/section><section class=\"l-section wpb_row hide_on_default hide_on_laptops hide_on_tablets height_huge with_img\"><div class=\"l-section-img\" role=\"img\" aria-label=\"psv interest days\" data-img-width=\"980\" data-img-height=\"653\" style=\"background-image: url(https:\/\/psv.yookerdesign.nl\/wp-content\/uploads\/2023\/09\/64903.jpg);background-repeat: no-repeat;\"><\/div><div class=\"l-section-h i-cf\"><div class=\"g-cols vc_row via_flex valign_bottom type_default stacking_default\" style=\"--additional-gap:0.5rem;\"><div class=\"vc_col-sm-12 wpb_column vc_column_container stretched\"><div class=\"vc_column-inner\"><div class=\"wpb_wrapper\"><div class=\"w-separator size_huge\"><\/div><h2 class=\"w-post-elm post_title us_custom_308d7c64 backdrop klein entry-title color_link_inherit\">Sobre nosotras<\/h2><\/div><\/div><\/div><\/div><\/div><\/section><section class=\"l-section wpb_row section_h5_margin_bottom height_large\"><div class=\"l-section-h i-cf\"><div class=\"g-cols vc_row via_flex valign_middle type_default stacking_default\"><div class=\"vc_col-sm-6 wpb_column vc_column_container about_us_speech\"><div class=\"vc_column-inner\"><div class=\"wpb_wrapper\"><h2 class=\"w-post-elm post_custom_field us_custom_492179a4 speech_overons type_text option|over_ons_quote_1 color_link_inherit\"><p>innovaci\u00f3n<br \/>\ndedicaci\u00f3n,<br \/>\ntransformaci\u00f3n<br \/>\n<span style=\"color: #ed1c24;\">Esa es la psv<\/span><br \/>\n<span style=\"color: #ed1c24;\">camino de la academia<\/span><\/p>\n<\/h2><\/div><\/div><\/div><div class=\"vc_col-sm-6 wpb_column vc_column_container\"><div class=\"vc_column-inner\"><div class=\"wpb_wrapper\"><div class=\"w-post-elm post_custom_field type_text option|over_ons_tekst_1\"><div>\n<p>Bienvenidos a la Academia del PSV, un lugar donde el f\u00fatbol es m\u00e1s que un juego; es un viaje de toda la vida. Nos dedicamos a fomentar el talento, fomentar la innovaci\u00f3n y dar forma al f\u00fatbol del futuro. Nuestros programas est\u00e1n dise\u00f1ados para brindar una experiencia integral e inmersiva que va m\u00e1s all\u00e1 del coaching tradicional.<\/p>\n<h5>Nuestra Filosof\u00eda<\/h5>\n<p>En la Academia PSV creemos en cultivar la pasi\u00f3n, la disciplina y la excelencia. Nuestro enfoque es hol\u00edstico y se centra no solo en las habilidades t\u00e9cnicas sino tambi\u00e9n en el desarrollo del car\u00e1cter, el liderazgo y el trabajo en equipo. Nuestro objetivo es crear un entorno en el que cada patada sea un paso hacia la grandeza y cada partido sea una lecci\u00f3n de vida.<\/p>\n<h5>Nuestros Programas<\/h5>\n<p><a href=\"http:\/\/psv.yookerdesign.nl\/es\/producto\/six-week-program\/\"><span style=\"text-decoration: underline;\">Programa de seis semanas:<\/span><\/a> un m\u00f3dulo espec\u00edfico que satisface sus deseos.<\/p>\n<p><a href=\"http:\/\/psv.yookerdesign.nl\/es\/producto\/jaarprogramma\/\"><span style=\"text-decoration: underline;\">Programa Anual Online:<\/span><\/a> Amplia formaci\u00f3n online con entrenadores de la Academia PSV<\/p>\n<p><a href=\"http:\/\/psv.yookerdesign.nl\/es\/producto\/hybride-jaarprogramma\/\"><span style=\"text-decoration: underline;\">Programa Anual H\u00edbrido:<\/span><\/a> Una combinaci\u00f3n de aprendizaje digital y formaci\u00f3n presencial en el PSV Campus De Herdgang.<\/p>\n<p><a href=\"http:\/\/psv.yookerdesign.nl\/es\/producto\/psv-interest-days\/\"><span style=\"text-decoration: underline;\">D\u00edas de Inter\u00e9s PSV:<\/span><\/a> Experiencias exclusivas de dos d\u00edas para entrenadores de la UEFA B y superiores.<\/p>\n<\/div>\n<\/div><\/div><\/div><\/div><\/div><\/div><\/section><section class=\"l-section wpb_row us_custom_c6bb12d2 over-ons-faq hide_on_tablets hide_on_mobiles height_large with_img\"><div class=\"l-section-img\" role=\"img\" aria-label=\"03 psv academy coach\" data-img-width=\"1208\" data-img-height=\"989\" style=\"background-image: url(https:\/\/psv.yookerdesign.nl\/wp-content\/uploads\/2023\/09\/03-PSV-Academy-Coach.png);background-repeat: no-repeat;\"><\/div><div class=\"l-section-overlay\" style=\"background:linear-gradient(110deg, rgba(234,234,234,1) 55%, rgba(255,255,255,0) 55.1%)\"><\/div><div class=\"l-section-h i-cf\"><div class=\"g-cols vc_row via_flex valign_top type_default stacking_default\"><div class=\"vc_col-sm-6 wpb_column vc_column_container\"><div class=\"vc_column-inner\"><div class=\"wpb_wrapper\"><h2 class=\"w-post-elm post_custom_field child-backdrop type_text option|over_ons_faq_titel color_link_inherit\"><p>Lo que nos diferencia<\/p>\n<\/h2><div class=\"w-separator size_medium\"><\/div><div class=\"wpb_text_column us_custom_4c4c4bda\"><div class=\"wpb_wrapper\"><div class=\"faq-tab\">\n    <button class=\"accordion\">Entrenamiento de clase mundial<\/button>\n    <div class=\"panel\">\n        <p><p>En la PSV Coaching Academy nos esforzamos por ofrecer un entrenamiento de clase mundial. Nuestro enfoque integra metodolog\u00edas innovadoras, conocimientos de expertos y un profundo compromiso para desarrollar no s\u00f3lo jugadores capacitados, sino tambi\u00e9n personalidades fuertes. Nuestra filosof\u00eda de entrenamiento se basa en la rica herencia del PSV y apunta a fomentar la excelencia en todos los aspectos del juego.<\/p>\n<\/p>\n    <\/div>\n<\/div>\n<div class=\"faq-tab\">\n    <button class=\"accordion\">M\u00e9todos de formaci\u00f3n innovadores.<\/button>\n    <div class=\"panel\">\n        <p><p>En la Academia de Entrenadores del PSV, adoptamos m\u00e9todos de entrenamiento innovadores para llevar el desarrollo de los jugadores al siguiente nivel. Integramos enfoques de vanguardia y tecnolog\u00edas avanzadas para crear un entorno de aprendizaje din\u00e1mico y eficaz. A trav\u00e9s de la innovaci\u00f3n continua, nos esforzamos por inspirar a nuestros jugadores y permitirles alcanzar su m\u00e1ximo potencial.<\/p>\n<\/p>\n    <\/div>\n<\/div>\n<div class=\"faq-tab\">\n    <button class=\"accordion\">Comunidad y colaboraci\u00f3n.<\/button>\n    <div class=\"panel\">\n        <p><p>En la PSV Coaching Academy, creemos firmemente en construir una comunidad unida y cultivar la colaboraci\u00f3n. Fomentamos un ambiente donde los jugadores, entrenadores y personal de apoyo se unen como un grupo cohesivo. Hacemos hincapi\u00e9 en la colaboraci\u00f3n, el trabajo en equipo y el apoyo mutuo, que es una parte esencial de nuestro enfoque para lograr un desempe\u00f1o excelente. Nuestro enfoque en una comunidad unida no solo fortalece a nuestros jugadores, sino que tambi\u00e9n contribuye a una base s\u00f3lida para el crecimiento y el \u00e9xito.<\/p>\n<\/p>\n    <\/div>\n<\/div>\n<div class=\"faq-tab\">\n    <button class=\"accordion\">Programas a medida<\/button>\n    <div class=\"panel\">\n        <p><p>Programas innovadores adaptados a las necesidades y objetivos individuales. Ofrecemos una variedad de programas de capacitaci\u00f3n adaptados a sus necesidades, que van desde m\u00f3dulos intensivos hasta programas anuales integrales. Cumpla con un plan de estudios que cumpla con sus requisitos de entrenamiento espec\u00edficos y crezca hasta el nivel deseado.<\/p>\n<\/p>\n    <\/div>\n<\/div>\n<div class=\"faq-tab\">\n    <button class=\"accordion\">Instalaciones avanzadas<\/button>\n    <div class=\"panel\">\n        <p><p>Nuestra Academia cuenta con instalaciones avanzadas y de \u00faltima generaci\u00f3n dise\u00f1adas para proporcionar un entorno \u00f3ptimo para el desarrollo de jugadores y entrenadores. Con equipos de capacitaci\u00f3n de \u00faltima generaci\u00f3n y tecnolog\u00edas de punta, brindamos un entorno de capacitaci\u00f3n innovador y con visi\u00f3n de futuro destinado a cultivar la excelencia.<\/p>\n<\/p>\n    <\/div>\n<\/div>\n\n<\/div><\/div><div class=\"w-separator size_large\"><\/div><\/div><\/div><\/div><div class=\"vc_col-sm-6 wpb_column vc_column_container\"><div class=\"vc_column-inner\"><div class=\"wpb_wrapper\"><\/div><\/div><\/div><\/div><\/div><\/section><section class=\"l-section wpb_row us_custom_c6bb12d2 over-ons-faq hide_on_default hide_on_laptops height_large with_img\"><div class=\"l-section-img\" role=\"img\" aria-label=\"03 psv academy coach\" data-img-width=\"1208\" data-img-height=\"989\" style=\"background-image: url(https:\/\/psv.yookerdesign.nl\/wp-content\/uploads\/2023\/09\/03-PSV-Academy-Coach.png);background-position: bottom right;background-repeat: no-repeat;background-size: contain;\"><\/div><div class=\"l-section-overlay\" style=\"background:linear-gradient(110deg, rgba(234,234,234,1) 55%, rgba(255,255,255,0) 55.1%)\"><\/div><div class=\"l-section-h i-cf\"><div class=\"g-cols vc_row via_flex valign_top type_default stacking_default\"><div class=\"vc_col-sm-3\/5 wpb_column vc_column_container\"><div class=\"vc_column-inner\"><div class=\"wpb_wrapper\"><h2 class=\"w-post-elm post_custom_field child-backdrop type_text option|over_ons_faq_titel color_link_inherit\"><p>Lo que nos diferencia<\/p>\n<\/h2><div class=\"w-separator size_medium\"><\/div><div class=\"wpb_text_column us_custom_4c4c4bda\"><div class=\"wpb_wrapper\"><div class=\"faq-tab\">\n    <button class=\"accordion\">Entrenamiento de clase mundial<\/button>\n    <div class=\"panel\">\n        <p><p>En la PSV Coaching Academy nos esforzamos por ofrecer un entrenamiento de clase mundial. Nuestro enfoque integra metodolog\u00edas innovadoras, conocimientos de expertos y un profundo compromiso para desarrollar no s\u00f3lo jugadores capacitados, sino tambi\u00e9n personalidades fuertes. Nuestra filosof\u00eda de entrenamiento se basa en la rica herencia del PSV y apunta a fomentar la excelencia en todos los aspectos del juego.<\/p>\n<\/p>\n    <\/div>\n<\/div>\n<div class=\"faq-tab\">\n    <button class=\"accordion\">M\u00e9todos de formaci\u00f3n innovadores.<\/button>\n    <div class=\"panel\">\n        <p><p>En la Academia de Entrenadores del PSV, adoptamos m\u00e9todos de entrenamiento innovadores para llevar el desarrollo de los jugadores al siguiente nivel. Integramos enfoques de vanguardia y tecnolog\u00edas avanzadas para crear un entorno de aprendizaje din\u00e1mico y eficaz. A trav\u00e9s de la innovaci\u00f3n continua, nos esforzamos por inspirar a nuestros jugadores y permitirles alcanzar su m\u00e1ximo potencial.<\/p>\n<\/p>\n    <\/div>\n<\/div>\n<div class=\"faq-tab\">\n    <button class=\"accordion\">Comunidad y colaboraci\u00f3n.<\/button>\n    <div class=\"panel\">\n        <p><p>En la PSV Coaching Academy, creemos firmemente en construir una comunidad unida y cultivar la colaboraci\u00f3n. Fomentamos un ambiente donde los jugadores, entrenadores y personal de apoyo se unen como un grupo cohesivo. Hacemos hincapi\u00e9 en la colaboraci\u00f3n, el trabajo en equipo y el apoyo mutuo, que es una parte esencial de nuestro enfoque para lograr un desempe\u00f1o excelente. Nuestro enfoque en una comunidad unida no solo fortalece a nuestros jugadores, sino que tambi\u00e9n contribuye a una base s\u00f3lida para el crecimiento y el \u00e9xito.<\/p>\n<\/p>\n    <\/div>\n<\/div>\n<div class=\"faq-tab\">\n    <button class=\"accordion\">Programas a medida<\/button>\n    <div class=\"panel\">\n        <p><p>Programas innovadores adaptados a las necesidades y objetivos individuales. Ofrecemos una variedad de programas de capacitaci\u00f3n adaptados a sus necesidades, que van desde m\u00f3dulos intensivos hasta programas anuales integrales. Cumpla con un plan de estudios que cumpla con sus requisitos de entrenamiento espec\u00edficos y crezca hasta el nivel deseado.<\/p>\n<\/p>\n    <\/div>\n<\/div>\n<div class=\"faq-tab\">\n    <button class=\"accordion\">Instalaciones avanzadas<\/button>\n    <div class=\"panel\">\n        <p><p>Nuestra Academia cuenta con instalaciones avanzadas y de \u00faltima generaci\u00f3n dise\u00f1adas para proporcionar un entorno \u00f3ptimo para el desarrollo de jugadores y entrenadores. Con equipos de capacitaci\u00f3n de \u00faltima generaci\u00f3n y tecnolog\u00edas de punta, brindamos un entorno de capacitaci\u00f3n innovador y con visi\u00f3n de futuro destinado a cultivar la excelencia.<\/p>\n<\/p>\n    <\/div>\n<\/div>\n\n<\/div><\/div><div class=\"w-separator size_large\"><\/div><\/div><\/div><\/div><\/div><\/div><\/section><section class=\"l-section wpb_row section_h5_margin_bottom height_large\"><div class=\"l-section-h i-cf\"><div class=\"g-cols vc_row via_flex valign_top type_default stacking_default\"><div class=\"vc_col-sm-6 wpb_column vc_column_container stretched\"><div class=\"vc_column-inner us_custom_480d4630\"><div class=\"wpb_wrapper\"><div class=\"w-post-elm post_custom_field type_image option|over_ons_content_afbeelding_2 color_link_inherit\"><img decoding=\"async\" width=\"880\" height=\"756\" src=\"https:\/\/psv.yookerdesign.nl\/wp-content\/uploads\/2023\/09\/04-PSV-Academy-880x756-1.jpg\" class=\"attachment-large size-large\" alt=\"04 psv academy 880x756\" srcset=\"https:\/\/psv.yookerdesign.nl\/wp-content\/uploads\/2023\/09\/04-PSV-Academy-880x756-1.jpg 880w, https:\/\/psv.yookerdesign.nl\/wp-content\/uploads\/2023\/09\/04-PSV-Academy-880x756-1-600x515.jpg 600w, https:\/\/psv.yookerdesign.nl\/wp-content\/uploads\/2023\/09\/04-PSV-Academy-880x756-1-300x258.jpg 300w, https:\/\/psv.yookerdesign.nl\/wp-content\/uploads\/2023\/09\/04-PSV-Academy-880x756-1-349x300.jpg 349w, https:\/\/psv.yookerdesign.nl\/wp-content\/uploads\/2023\/09\/04-PSV-Academy-880x756-1-233x200.jpg 233w\" sizes=\"(max-width: 880px) 100vw, 880px\" \/><\/div><\/div><\/div><\/div><div class=\"vc_col-sm-6 wpb_column vc_column_container\"><div class=\"vc_column-inner\"><div class=\"wpb_wrapper\"><h2 class=\"w-post-elm post_custom_field child-backdrop type_text option|over_ons_content_titel_2 color_link_inherit\"><span class=\"w-post-elm-value\">Nuestro \"legado<\/span><\/h2><div class=\"w-separator size_medium\"><\/div><div class=\"w-post-elm post_custom_field type_text option|over_ons_tekst_2 color_link_inherit\"><p>El PSV tiene una dilatada trayectoria en el mundo del f\u00fatbol. Nuestro compromiso de fomentar el talento y fomentar el logro continuo nos ha ganado una posici\u00f3n respetada dentro del mundo del f\u00fatbol.<\/p>\n<h5>Alumnos nominados<\/h5>\n<p>La Academia de Entrenadores del PSV tiene una rica historia de formaci\u00f3n de jugadores y entrenadores destacados. Nuestros jugadores han dejado una impresi\u00f3n impresionante en el mundo del f\u00fatbol. Algunos de los futbolistas famosos que alguna vez han entrenado con nosotros incluyen a Rom\u00e1rio, Ronaldo, Ruud van Nistelrooy, Arjen Robben, Mark van Bommel e Hirving Lozano. Han encarnado los valores de \u00e9xito, integridad y deportividad, tanto a nivel nacional como internacional.<\/p>\n<h5>Impacto en el juego<\/h5>\n<p>Nuestra influencia se extiende m\u00e1s all\u00e1 de los logros de nuestros graduados. Las metodolog\u00edas y filosof\u00edas desarrolladas en la Academia PSV han dado forma al f\u00fatbol contempor\u00e1neo, han establecido nuevos est\u00e1ndares e inspiran nuevas perspectivas sobre el juego. Nuestro enfoque en la innovaci\u00f3n contin\u00faa impulsando el progreso, impactando las pr\u00e1cticas de entrenamiento y el desarrollo de los jugadores en todo el mundo.<\/p>\n<h5>Construir el futuro<\/h5>\n<p>La Academia de Entrenadores del PSV es m\u00e1s que una instituci\u00f3n educativa; es una comunidad de personas apasionadas conectadas por su amor al f\u00fatbol. Seguimos invirtiendo en instalaciones avanzadas, tecnolog\u00edas modernas y entrenamiento de alta calidad para mantener nuestra posici\u00f3n de liderazgo en la educaci\u00f3n futbol\u00edstica. Damos la bienvenida a todos los que comparten nuestro compromiso y ambiciones, decididos a ayudarlos a alcanzar su m\u00e1ximo potencial.<\/p>\n<\/div><\/div><\/div><\/div><\/div><\/div><\/section><section class=\"l-section wpb_row us_custom_4f24afa8 height_medium\"><div class=\"l-section-h i-cf\"><div class=\"g-cols vc_row via_flex valign_top type_default stacking_default\"><div class=\"vc_col-sm-12 wpb_column vc_column_container\"><div class=\"vc_column-inner\"><div class=\"wpb_wrapper\"><div class=\"w-post-elm post_custom_field post-custom-video type_text option|over_ons_video color_link_inherit\"><span class=\"w-post-elm-value\"><iframe loading=\"lazy\" title=\"Ons PSV, wat een club \ud83d\ude0d\" width=\"640\" height=\"360\" src=\"https:\/\/www.youtube.com\/embed\/1Nczuf1uv2U?feature=oembed\" frameborder=\"0\" allow=\"accelerometer; autoplay; clipboard-write; encrypted-media; gyroscope; picture-in-picture; web-share\" referrerpolicy=\"strict-origin-when-cross-origin\" allowfullscreen><\/iframe><\/span><\/div><\/div><\/div><\/div><\/div><\/div><\/section>","protected":false},"excerpt":{"rendered":"Over onsOver onsInnovation, Dedication, Transformation. That&#8217;s the PSV academy way. Welkom bij de PSV Academy, een plek waar voetbal meer is dan een spel; het is een levenslange reis. We zijn toegewijd aan het koesteren van talent, het bevorderen van innovatie en het vormgeven van het voetbal van de toekomst. Onze programma&#8217;s zijn ontworpen om...","protected":false},"author":1,"featured_media":0,"parent":0,"menu_order":0,"comment_status":"closed","ping_status":"closed","template":"","meta":{"_acf_changed":false,"_seopress_robots_primary_cat":"","_seopress_titles_title":"Over de PSV Coaching Academy","_seopress_titles_desc":"Bij de PSV Academy zijn we toegewijd aan het koesteren van talent, het bevorderen van innovatie en het vormgeven van het voetbal van de toekomst. ","_seopress_robots_index":"","footnotes":""},"class_list":["post-102","page","type-page","status-publish","hentry"],"acf":[],"_links":{"self":[{"href":"https:\/\/psv.yookerdesign.nl\/es\/wp-json\/wp\/v2\/pages\/102","targetHints":{"allow":["GET"]}}],"collection":[{"href":"https:\/\/psv.yookerdesign.nl\/es\/wp-json\/wp\/v2\/pages"}],"about":[{"href":"https:\/\/psv.yookerdesign.nl\/es\/wp-json\/wp\/v2\/types\/page"}],"author":[{"embeddable":true,"href":"https:\/\/psv.yookerdesign.nl\/es\/wp-json\/wp\/v2\/users\/1"}],"replies":[{"embeddable":true,"href":"https:\/\/psv.yookerdesign.nl\/es\/wp-json\/wp\/v2\/comments?post=102"}],"version-history":[{"count":0,"href":"https:\/\/psv.yookerdesign.nl\/es\/wp-json\/wp\/v2\/pages\/102\/revisions"}],"wp:attachment":[{"href":"https:\/\/psv.yookerdesign.nl\/es\/wp-json\/wp\/v2\/media?parent=102"}],"curies":[{"name":"wp","href":"https:\/\/api.w.org\/{rel}","templated":true}]}}