{"id":8639,"date":"2023-09-15T08:08:25","date_gmt":"2023-09-15T06:08:25","guid":{"rendered":"http:\/\/psv.yookerdesign.nl\/?page_id=8639"},"modified":"2024-07-15T15:23:35","modified_gmt":"2024-07-15T13:23:35","slug":"missie","status":"publish","type":"page","link":"https:\/\/psv.yookerdesign.nl\/es\/missie\/","title":{"rendered":"Misi\u00f3n"},"content":{"rendered":"<section class=\"l-section wpb_row hide_on_mobiles height_auto\"><div class=\"l-section-h i-cf\"><div class=\"g-cols vc_row via_flex valign_top type_default stacking_default\" style=\"--additional-gap:0.5rem;\"><div class=\"vc_col-sm-3\/5 wpb_column vc_column_container stretched\"><div class=\"vc_column-inner us_custom_ed1d14ae\"><div class=\"wpb_wrapper\"><div class=\"w-post-elm post_custom_field us_custom_0a731c65 banner-foto type_image option|missie_banner_foto_1 color_link_inherit\"><img decoding=\"async\" width=\"1024\" height=\"683\" src=\"https:\/\/psv.yookerdesign.nl\/wp-content\/uploads\/2023\/09\/240716PZ49445-1024x683.jpg\" class=\"attachment-large size-large\" alt=\"psv interest days\" srcset=\"https:\/\/psv.yookerdesign.nl\/wp-content\/uploads\/2023\/09\/240716PZ49445-1024x683.jpg 1024w, https:\/\/psv.yookerdesign.nl\/wp-content\/uploads\/2023\/09\/240716PZ49445-300x200.jpg 300w, https:\/\/psv.yookerdesign.nl\/wp-content\/uploads\/2023\/09\/240716PZ49445-18x12.jpg 18w, https:\/\/psv.yookerdesign.nl\/wp-content\/uploads\/2023\/09\/240716PZ49445-450x300.jpg 450w, https:\/\/psv.yookerdesign.nl\/wp-content\/uploads\/2023\/09\/240716PZ49445-240x160.jpg 240w, https:\/\/psv.yookerdesign.nl\/wp-content\/uploads\/2023\/09\/240716PZ49445-1400x934.jpg 1400w, https:\/\/psv.yookerdesign.nl\/wp-content\/uploads\/2023\/09\/240716PZ49445-600x400.jpg 600w\" sizes=\"(max-width: 1024px) 100vw, 1024px\" \/><\/div><div class=\"w-separator size_custom\" style=\"height:50vh\"><\/div><\/div><\/div><\/div><div class=\"vc_col-sm-2\/5 wpb_column vc_column_container stretched\"><div class=\"vc_column-inner us_custom_e6b302da\"><div class=\"wpb_wrapper\"><div class=\"w-post-elm post_custom_field us_custom_0a731c65 banner-foto type_image option|missie_banner_foto_2 color_link_inherit\"><img decoding=\"async\" width=\"1024\" height=\"683\" src=\"https:\/\/psv.yookerdesign.nl\/wp-content\/uploads\/2024\/04\/240716PZ40001-1024x683.jpg\" class=\"attachment-large size-large\" alt=\"hybride jaarprogramma\" srcset=\"https:\/\/psv.yookerdesign.nl\/wp-content\/uploads\/2024\/04\/240716PZ40001-1024x683.jpg 1024w, https:\/\/psv.yookerdesign.nl\/wp-content\/uploads\/2024\/04\/240716PZ40001-300x200.jpg 300w, https:\/\/psv.yookerdesign.nl\/wp-content\/uploads\/2024\/04\/240716PZ40001-18x12.jpg 18w, https:\/\/psv.yookerdesign.nl\/wp-content\/uploads\/2024\/04\/240716PZ40001-450x300.jpg 450w, https:\/\/psv.yookerdesign.nl\/wp-content\/uploads\/2024\/04\/240716PZ40001-240x160.jpg 240w, https:\/\/psv.yookerdesign.nl\/wp-content\/uploads\/2024\/04\/240716PZ40001-1400x933.jpg 1400w, https:\/\/psv.yookerdesign.nl\/wp-content\/uploads\/2024\/04\/240716PZ40001-600x400.jpg 600w\" sizes=\"(max-width: 1024px) 100vw, 1024px\" \/><\/div><h1 class=\"w-post-elm post_title us_custom_bb260fb6 backdrop klein entry-title color_link_inherit\">Misi\u00f3n<\/h1><\/div><\/div><\/div><\/div><\/div><\/section><section class=\"l-section wpb_row hide_on_default hide_on_laptops hide_on_tablets height_huge with_img\"><div class=\"l-section-img\" role=\"img\" aria-label=\"psv interest days\" data-img-width=\"2560\" data-img-height=\"1707\" style=\"background-image: url(https:\/\/psv.yookerdesign.nl\/wp-content\/uploads\/2023\/09\/240716PZ49445-scaled.jpg);background-repeat: no-repeat;\"><\/div><div class=\"l-section-h i-cf\"><div class=\"g-cols vc_row via_flex valign_bottom type_default stacking_default\" style=\"--additional-gap:0.5rem;\"><div class=\"vc_col-sm-12 wpb_column vc_column_container stretched\"><div class=\"vc_column-inner\"><div class=\"wpb_wrapper\"><div class=\"w-separator size_huge\"><\/div><h2 class=\"w-post-elm post_title us_custom_308d7c64 backdrop klein entry-title color_link_inherit\">Misi\u00f3n<\/h2><\/div><\/div><\/div><\/div><\/div><\/section><section class=\"l-section wpb_row height_medium\"><div class=\"l-section-h i-cf\"><div class=\"g-cols vc_row via_flex valign_middle type_default stacking_default\"><div class=\"vc_col-sm-6 wpb_column vc_column_container stretched\"><div class=\"vc_column-inner us_custom_480d4630\"><div class=\"wpb_wrapper\"><div class=\"w-post-elm post_custom_field type_image option|mission_content_afbeelding_2 color_link_inherit\"><img decoding=\"async\" width=\"980\" height=\"653\" src=\"https:\/\/psv.yookerdesign.nl\/wp-content\/uploads\/2023\/12\/64903.jpg\" class=\"attachment-large size-large\" alt=\"64903\" srcset=\"https:\/\/psv.yookerdesign.nl\/wp-content\/uploads\/2023\/12\/64903.jpg 980w, https:\/\/psv.yookerdesign.nl\/wp-content\/uploads\/2023\/12\/64903-300x200.jpg 300w, https:\/\/psv.yookerdesign.nl\/wp-content\/uploads\/2023\/12\/64903-18x12.jpg 18w, https:\/\/psv.yookerdesign.nl\/wp-content\/uploads\/2023\/12\/64903-450x300.jpg 450w, https:\/\/psv.yookerdesign.nl\/wp-content\/uploads\/2023\/12\/64903-240x160.jpg 240w, https:\/\/psv.yookerdesign.nl\/wp-content\/uploads\/2023\/12\/64903-600x400.jpg 600w\" sizes=\"(max-width: 980px) 100vw, 980px\" \/><\/div><\/div><\/div><\/div><div class=\"vc_col-sm-6 wpb_column vc_column_container\"><div class=\"vc_column-inner\"><div class=\"wpb_wrapper\"><div class=\"w-post-elm post_custom_field type_text option|mission_content_tekst_2 color_link_inherit\"><h3 style=\"margin-bottom: 8px;\">La Academia del PSV<\/h3>\n<p>Para lograr las ambiciones deportivas del PSV, la cantera propia del club tiene una importancia significativa, sobre todo teniendo en cuenta las diferencias financieras entre los principales pa\u00edses futbol\u00edsticos de Europa y los Pa\u00edses Bajos. Los objetivos de la pol\u00edtica de cantera, reforzada desde el 1 de julio de 2013, se centran principalmente en la transici\u00f3n de los jugadores juveniles a la selecci\u00f3n A del PSV.<\/p>\n<p>El desarrollo del talento individual ocupa un lugar central en la Academia PSV a trav\u00e9s de seis pilares de desarrollo. Este proceso implica una intensa orientaci\u00f3n personal y emplea innovaciones en diversas \u00e1reas. Para cada jugador, el objetivo es alcanzar su techo futbol\u00edstico personal dentro de un entorno de alto rendimiento, donde la cultura del PSV se conserva dentro del estilo de juego y una forma \u00fanica de trabajar.<\/p>\n<p>La trayectoria de un jugador en la Academia del PSV se divide en tres fases: Fundaci\u00f3n (entrenamiento in situ) de O10 a O12, Construcci\u00f3n Media (O13 a O16), y el Plan Profesional de O17 en adelante. Cada fase tiene su propio enfoque espec\u00edfico, con el desarrollo del jugador en el centro, con el objetivo de su eventual transici\u00f3n a la selecci\u00f3n A del PSV.<\/p>\n<\/div><\/div><\/div><\/div><\/div><\/div><\/section>","protected":false},"excerpt":{"rendered":"MissieMissieDe PSV Academy Om de sportieve ambities van PSV te realiseren is de eigen jeugdopleiding, zeker gezien de Europese verhoudingen op financieel gebied tussen de grote voetballanden en Nederland, enorm belangrijk. De doelstellingen van het sinds 1 juli 2013 aangescherpte jeugdbeleid zijn voornamelijk gericht op de doorstroom van jeugdspelers naar de A-selectie van PSV. De...","protected":false},"author":1,"featured_media":0,"parent":0,"menu_order":0,"comment_status":"closed","ping_status":"closed","template":"","meta":{"_acf_changed":false,"_seopress_robots_primary_cat":"","_seopress_titles_title":"Onze Missie | PSV Coaching Academy","_seopress_titles_desc":"Om de sportieve ambities van PSV te realiseren is de eigen jeugdopleiding enorm belangrijk. Lees hier de missie van de PSV Coaching Academy.","_seopress_robots_index":"","footnotes":""},"class_list":["post-8639","page","type-page","status-publish","hentry"],"acf":[],"_links":{"self":[{"href":"https:\/\/psv.yookerdesign.nl\/es\/wp-json\/wp\/v2\/pages\/8639","targetHints":{"allow":["GET"]}}],"collection":[{"href":"https:\/\/psv.yookerdesign.nl\/es\/wp-json\/wp\/v2\/pages"}],"about":[{"href":"https:\/\/psv.yookerdesign.nl\/es\/wp-json\/wp\/v2\/types\/page"}],"author":[{"embeddable":true,"href":"https:\/\/psv.yookerdesign.nl\/es\/wp-json\/wp\/v2\/users\/1"}],"replies":[{"embeddable":true,"href":"https:\/\/psv.yookerdesign.nl\/es\/wp-json\/wp\/v2\/comments?post=8639"}],"version-history":[{"count":0,"href":"https:\/\/psv.yookerdesign.nl\/es\/wp-json\/wp\/v2\/pages\/8639\/revisions"}],"wp:attachment":[{"href":"https:\/\/psv.yookerdesign.nl\/es\/wp-json\/wp\/v2\/media?parent=8639"}],"curies":[{"name":"wp","href":"https:\/\/api.w.org\/{rel}","templated":true}]}}