{"id":8660,"date":"2023-09-15T08:09:56","date_gmt":"2023-09-15T06:09:56","guid":{"rendered":"http:\/\/psv.yookerdesign.nl\/?page_id=8660"},"modified":"2024-07-15T15:18:28","modified_gmt":"2024-07-15T13:18:28","slug":"visie","status":"publish","type":"page","link":"https:\/\/psv.yookerdesign.nl\/es\/visie\/","title":{"rendered":"Visi\u00f3n"},"content":{"rendered":"<section class=\"l-section wpb_row hide_on_mobiles height_auto\"><div class=\"l-section-h i-cf\"><div class=\"g-cols vc_row via_flex valign_top type_default stacking_default\" style=\"--additional-gap:0.5rem;\"><div class=\"vc_col-sm-3\/5 wpb_column vc_column_container stretched\"><div class=\"vc_column-inner us_custom_ed1d14ae\"><div class=\"wpb_wrapper\"><div class=\"w-post-elm post_custom_field us_custom_0a731c65 banner-foto type_image option|visie_bannerfoto_1 color_link_inherit\"><img decoding=\"async\" width=\"1024\" height=\"683\" src=\"https:\/\/psv.yookerdesign.nl\/wp-content\/uploads\/2024\/07\/240716PZ29003-1024x683.jpg\" class=\"attachment-large size-large\" alt=\"240716pz29003\" srcset=\"https:\/\/psv.yookerdesign.nl\/wp-content\/uploads\/2024\/07\/240716PZ29003-1024x683.jpg 1024w, https:\/\/psv.yookerdesign.nl\/wp-content\/uploads\/2024\/07\/240716PZ29003-300x200.jpg 300w, https:\/\/psv.yookerdesign.nl\/wp-content\/uploads\/2024\/07\/240716PZ29003-18x12.jpg 18w, https:\/\/psv.yookerdesign.nl\/wp-content\/uploads\/2024\/07\/240716PZ29003-450x300.jpg 450w, https:\/\/psv.yookerdesign.nl\/wp-content\/uploads\/2024\/07\/240716PZ29003-240x160.jpg 240w, https:\/\/psv.yookerdesign.nl\/wp-content\/uploads\/2024\/07\/240716PZ29003-1400x933.jpg 1400w, https:\/\/psv.yookerdesign.nl\/wp-content\/uploads\/2024\/07\/240716PZ29003-600x400.jpg 600w\" sizes=\"(max-width: 1024px) 100vw, 1024px\" \/><\/div><div class=\"w-separator size_custom\" style=\"height:50vh\"><\/div><\/div><\/div><\/div><div class=\"vc_col-sm-2\/5 wpb_column vc_column_container stretched\"><div class=\"vc_column-inner us_custom_e6b302da\"><div class=\"wpb_wrapper\"><div class=\"w-post-elm post_custom_field us_custom_0a731c65 banner-foto type_image option|visie_bannerfoto_2 color_link_inherit\"><img decoding=\"async\" width=\"1024\" height=\"683\" src=\"https:\/\/psv.yookerdesign.nl\/wp-content\/uploads\/2024\/04\/240704PZ27500-1024x683.jpg\" class=\"attachment-large size-large\" alt=\"hybride jaarprogramma\" srcset=\"https:\/\/psv.yookerdesign.nl\/wp-content\/uploads\/2024\/04\/240704PZ27500-1024x683.jpg 1024w, https:\/\/psv.yookerdesign.nl\/wp-content\/uploads\/2024\/04\/240704PZ27500-300x200.jpg 300w, https:\/\/psv.yookerdesign.nl\/wp-content\/uploads\/2024\/04\/240704PZ27500-18x12.jpg 18w, https:\/\/psv.yookerdesign.nl\/wp-content\/uploads\/2024\/04\/240704PZ27500-450x300.jpg 450w, https:\/\/psv.yookerdesign.nl\/wp-content\/uploads\/2024\/04\/240704PZ27500-240x160.jpg 240w, https:\/\/psv.yookerdesign.nl\/wp-content\/uploads\/2024\/04\/240704PZ27500-1400x933.jpg 1400w, https:\/\/psv.yookerdesign.nl\/wp-content\/uploads\/2024\/04\/240704PZ27500-600x400.jpg 600w\" sizes=\"(max-width: 1024px) 100vw, 1024px\" \/><\/div><h1 class=\"w-post-elm post_title us_custom_bb260fb6 backdrop klein entry-title color_link_inherit\">Visi\u00f3n<\/h1><\/div><\/div><\/div><\/div><\/div><\/section><section class=\"l-section wpb_row hide_on_default hide_on_laptops hide_on_tablets height_huge with_img\"><div class=\"l-section-img\" role=\"img\" aria-label=\"240716pz29003\" data-img-width=\"2560\" data-img-height=\"1707\" style=\"background-image: url(https:\/\/psv.yookerdesign.nl\/wp-content\/uploads\/2024\/07\/240716PZ29003-scaled.jpg);background-repeat: no-repeat;\"><\/div><div class=\"l-section-h i-cf\"><div class=\"g-cols vc_row via_flex valign_bottom type_default stacking_default\" style=\"--additional-gap:0.5rem;\"><div class=\"vc_col-sm-12 wpb_column vc_column_container stretched\"><div class=\"vc_column-inner\"><div class=\"wpb_wrapper\"><div class=\"w-separator size_huge\"><\/div><h2 class=\"w-post-elm post_title us_custom_308d7c64 backdrop klein entry-title color_link_inherit\">Visi\u00f3n<\/h2><\/div><\/div><\/div><\/div><\/div><\/section><section class=\"l-section wpb_row height_large\"><div class=\"l-section-h i-cf\"><div class=\"g-cols vc_row via_flex valign_middle type_default stacking_default\"><div class=\"vc_col-sm-6 wpb_column vc_column_container about_us_speech\"><div class=\"vc_column-inner\"><div class=\"wpb_wrapper\"><div class=\"w-post-elm post_custom_field type_image option|vision_content_afbeelding_1 color_link_inherit\"><img decoding=\"async\" width=\"1024\" height=\"1020\" src=\"https:\/\/psv.yookerdesign.nl\/wp-content\/uploads\/2023\/10\/PSV-Development-Pyramid-1-1024x1020.jpg\" class=\"attachment-large size-large\" alt=\"psv development pyramid (1)\" srcset=\"https:\/\/psv.yookerdesign.nl\/wp-content\/uploads\/2023\/10\/PSV-Development-Pyramid-1-1024x1020.jpg 1024w, https:\/\/psv.yookerdesign.nl\/wp-content\/uploads\/2023\/10\/PSV-Development-Pyramid-1-300x300.jpg 300w, https:\/\/psv.yookerdesign.nl\/wp-content\/uploads\/2023\/10\/PSV-Development-Pyramid-1-150x150.jpg 150w, https:\/\/psv.yookerdesign.nl\/wp-content\/uploads\/2023\/10\/PSV-Development-Pyramid-1-600x598.jpg 600w, https:\/\/psv.yookerdesign.nl\/wp-content\/uploads\/2023\/10\/PSV-Development-Pyramid-1-12x12.jpg 12w, https:\/\/psv.yookerdesign.nl\/wp-content\/uploads\/2023\/10\/PSV-Development-Pyramid-1-301x300.jpg 301w, https:\/\/psv.yookerdesign.nl\/wp-content\/uploads\/2023\/10\/PSV-Development-Pyramid-1-201x200.jpg 201w, https:\/\/psv.yookerdesign.nl\/wp-content\/uploads\/2023\/10\/PSV-Development-Pyramid-1-1028x1024.jpg 1028w, https:\/\/psv.yookerdesign.nl\/wp-content\/uploads\/2023\/10\/PSV-Development-Pyramid-1.jpg 1044w\" sizes=\"(max-width: 1024px) 100vw, 1024px\" \/><\/div><\/div><\/div><\/div><div class=\"vc_col-sm-6 wpb_column vc_column_container\"><div class=\"vc_column-inner\"><div class=\"wpb_wrapper\"><h3 class=\"w-post-elm post_custom_field child-backdrop type_text option|vision_content_titel_1 color_link_inherit\"><span class=\"w-post-elm-value\">Pir\u00e1mide de desarrollo de la Academia de Entrenadores PSV<\/span><\/h3><div class=\"w-separator size_medium\"><\/div><div class=\"w-post-elm post_custom_field type_text option|vision_content_tekst_1\"><p>En la Academia de Entrenadores del PSV creemos en la creaci\u00f3n conjunta de las estrellas del futuro. Nuestro objetivo no es s\u00f3lo formar jugadores, sino tambi\u00e9n entrenadores. Nuestra pir\u00e1mide de desarrollo \u00fanica est\u00e1 dise\u00f1ada para convertir a entrenadores entregados en l\u00edderes excepcionales del juego. Al igual que las estrellas del emblema del PSV, tu viaje a trav\u00e9s de nuestra pir\u00e1mide de desarrollo estar\u00e1 marcado por logros e hitos.<\/p>\n<p>A trav\u00e9s de las diferentes etapas de nuestra pir\u00e1mide, descubrir\u00e1s m\u00e1s y m\u00e1s sobre la forma de trabajar del PSV. Conoce las diferentes etapas dentro de nuestra Academia y d\u00e9jate inspirar por otros entrenadores. Al recorrer esta pir\u00e1mide intentaremos estimularte e inspirarte constantemente.<\/p>\n<p>Su viaje hacia el siguiente paso comienza hoy.<\/p>\n<\/div><\/div><\/div><\/div><\/div><\/div><\/section><section class=\"l-section wpb_row height_medium\"><div class=\"l-section-h i-cf\"><div class=\"g-cols vc_row via_flex valign_middle type_default stacking_default\"><div class=\"vc_col-sm-6 wpb_column vc_column_container\"><div class=\"vc_column-inner\"><div class=\"wpb_wrapper\"><h3 class=\"w-post-elm post_custom_field child-backdrop type_text option|vision_content_titel_2 color_link_inherit\"><span class=\"w-post-elm-value\">Nivel 1: Sus primeros pasos<\/span><\/h3><div class=\"w-separator size_medium\"><\/div><div class=\"w-post-elm post_custom_field type_text option|vision_content_tekst_2 color_link_inherit\"><p>Je reis begint met Niveau 1. Om je eerste ster te verdienen, ga je aan de slag met ons <a href=\"http:\/\/psv.yookerdesign.nl\/es\/producto\/jaarprogramma\/\">(online) jaarprogramma<\/a>, waarin je kennis zal maken met de PSV manier van werken. Dit kun je doen door deel te nemen aan ons online of hybride jaarprogramma of door het bezoeken van de PSV Interest Days. Een tweedaags spektakel waar je een kijkje krijgt in onze voetbalfilosofie, trainingsmethoden en de magie die PSV onderscheidt.<\/p>\n<p>Los tres programas contribuyen a sentar las bases de tu trayectoria como entrenador de PSV. Obtendr\u00e1s valiosos conocimientos sobre el mundo del desarrollo del f\u00fatbol. Comprender\u00e1s el significado de nuestro enfoque y experimentar\u00e1s de primera mano el poder transformador de nuestros m\u00e9todos. No se trata s\u00f3lo de aprender e inspirar, se trata de experimentar el f\u00fatbol en su forma m\u00e1s pura.<\/p>\n<\/div><\/div><\/div><\/div><div class=\"vc_col-sm-6 wpb_column vc_column_container stretched\"><div class=\"vc_column-inner us_custom_8afb1a5e\"><div class=\"wpb_wrapper\"><div class=\"w-post-elm post_custom_field type_image option|vision_content_afbeelding_2 color_link_inherit\"><img decoding=\"async\" width=\"1024\" height=\"683\" src=\"https:\/\/psv.yookerdesign.nl\/wp-content\/uploads\/2024\/07\/240716PZ48946-1024x683.jpg\" class=\"attachment-large size-large\" alt=\"240716pz48946\" srcset=\"https:\/\/psv.yookerdesign.nl\/wp-content\/uploads\/2024\/07\/240716PZ48946-1024x683.jpg 1024w, https:\/\/psv.yookerdesign.nl\/wp-content\/uploads\/2024\/07\/240716PZ48946-300x200.jpg 300w, https:\/\/psv.yookerdesign.nl\/wp-content\/uploads\/2024\/07\/240716PZ48946-18x12.jpg 18w, https:\/\/psv.yookerdesign.nl\/wp-content\/uploads\/2024\/07\/240716PZ48946-450x300.jpg 450w, https:\/\/psv.yookerdesign.nl\/wp-content\/uploads\/2024\/07\/240716PZ48946-240x160.jpg 240w, https:\/\/psv.yookerdesign.nl\/wp-content\/uploads\/2024\/07\/240716PZ48946-1400x933.jpg 1400w, https:\/\/psv.yookerdesign.nl\/wp-content\/uploads\/2024\/07\/240716PZ48946-600x400.jpg 600w\" sizes=\"(max-width: 1024px) 100vw, 1024px\" \/><\/div><\/div><\/div><\/div><\/div><\/div><\/section><section class=\"l-section wpb_row height_medium\"><div class=\"l-section-h i-cf\"><div class=\"g-cols vc_row via_flex valign_middle type_default stacking_default\"><div class=\"vc_col-sm-6 wpb_column vc_column_container stretched\"><div class=\"vc_column-inner us_custom_480d4630\"><div class=\"wpb_wrapper\"><div class=\"w-post-elm post_custom_field type_image option|vision_content_afbeelding_3 color_link_inherit\"><img decoding=\"async\" width=\"1024\" height=\"683\" src=\"https:\/\/psv.yookerdesign.nl\/wp-content\/uploads\/2024\/07\/240716PZ40543-1024x683.jpg\" class=\"attachment-large size-large\" alt=\"240716pz40543\" srcset=\"https:\/\/psv.yookerdesign.nl\/wp-content\/uploads\/2024\/07\/240716PZ40543-1024x683.jpg 1024w, https:\/\/psv.yookerdesign.nl\/wp-content\/uploads\/2024\/07\/240716PZ40543-300x200.jpg 300w, https:\/\/psv.yookerdesign.nl\/wp-content\/uploads\/2024\/07\/240716PZ40543-18x12.jpg 18w, https:\/\/psv.yookerdesign.nl\/wp-content\/uploads\/2024\/07\/240716PZ40543-450x300.jpg 450w, https:\/\/psv.yookerdesign.nl\/wp-content\/uploads\/2024\/07\/240716PZ40543-240x160.jpg 240w, https:\/\/psv.yookerdesign.nl\/wp-content\/uploads\/2024\/07\/240716PZ40543-1400x933.jpg 1400w, https:\/\/psv.yookerdesign.nl\/wp-content\/uploads\/2024\/07\/240716PZ40543-600x400.jpg 600w\" sizes=\"(max-width: 1024px) 100vw, 1024px\" \/><\/div><\/div><\/div><\/div><div class=\"vc_col-sm-6 wpb_column vc_column_container\"><div class=\"vc_column-inner\"><div class=\"wpb_wrapper\"><h3 class=\"w-post-elm post_custom_field child-backdrop type_text option|vision_content_titel_3 color_link_inherit\"><span class=\"w-post-elm-value\">Nivel 2: Sesiones de expertos<\/span><\/h3><div class=\"w-separator size_medium\"><\/div><div class=\"w-post-elm post_custom_field type_text option|vision_content_tekst_3 color_link_inherit\"><p>Con tu primera estrella conseguida, es hora de seguir adelante. Durante un programa de dos d\u00edas en nuestra Academia, puedes sumergirte en una de las diferentes fases dentro de nuestra Academia.<\/p>\n<ul>\n<li>Licenciatura (dos d\u00edas): Sum\u00e9rgete en el mundo del desarrollo de jugadores para edades comprendidas entre O10 y O12;<\/li>\n<li>Secundaria (dos d\u00edas): Viaja con nosotros mientras asesoramos a jugadores de edades comprendidas entre O13 y O16;<\/li>\n<li>Escuela superior (dos d\u00edas): Para edades comprendidas entre O17 y O21 (J\u00f3venes PSV);<\/li>\n<li>Porteros (Un d\u00eda): Descubra los secretos del desarrollo de los porteros y perfeccione sus conocimientos en este campo especializado;<\/li>\n<li>F\u00fatbol femenino (un d\u00eda): Obtenga valiosos conocimientos sobre el entrenamiento de equipos femeninos, un campo en el que el talento no tiene l\u00edmites. Comprende los matices de entrenar en un entorno diverso y din\u00e1mico.<\/li>\n<\/ul>\n<p>En el Nivel 2, no s\u00f3lo absorber\u00e1s conocimientos, sino que forjar\u00e1s conexiones. Te unir\u00e1s a una comunidad de entrenadores que comparten tu pasi\u00f3n, y juntos os inspirar\u00e9is mutuamente para alcanzar nuevas cotas.<\/p>\n<\/div><\/div><\/div><\/div><\/div><\/div><\/section><section class=\"l-section wpb_row height_medium\"><div class=\"l-section-h i-cf\"><div class=\"g-cols vc_row via_flex valign_middle type_default stacking_default\"><div class=\"vc_col-sm-6 wpb_column vc_column_container\"><div class=\"vc_column-inner\"><div class=\"wpb_wrapper\"><h3 class=\"w-post-elm post_custom_field child-backdrop type_text option|vision_content_titel_4 color_link_inherit\"><span class=\"w-post-elm-value\">Nivel 3: Tutor\u00eda<\/span><\/h3><div class=\"w-separator size_medium\"><\/div><div class=\"w-post-elm post_custom_field type_text option|vision_content_tekst_4 color_link_inherit\"><p>Con al menos una sesi\u00f3n de experto en su bolsillo, est\u00e1 listo para explorar el Nivel 3 - Mentor. Este programa personalizado de tres meses est\u00e1 dise\u00f1ado para perfeccionar tu talento como entrenador. Recibe orientaci\u00f3n en l\u00ednea de un entrenador de PSV Academy y perfecciona tus habilidades y t\u00e9cnicas.<\/p>\n<p>La tutor\u00eda no consiste s\u00f3lo en lecciones, sino en un viaje compartido. Tu mentor ser\u00e1 un experimentado entrenador del PSV, que te proporcionar\u00e1 orientaci\u00f3n personalizada. Juntos analizar\u00e9is partidos, diseccionar\u00e9is estrategias y profundizar\u00e9is en los entresijos del entrenamiento. Se trata de un periodo de crecimiento personal y autodescubrimiento a medida que te conviertes en un entrenador completo.<\/p>\n<\/div><\/div><\/div><\/div><div class=\"vc_col-sm-6 wpb_column vc_column_container stretched\"><div class=\"vc_column-inner us_custom_8afb1a5e\"><div class=\"wpb_wrapper\"><div class=\"w-post-elm post_custom_field type_image option|vision_content_afbeelding_4 color_link_inherit\"><img decoding=\"async\" width=\"1024\" height=\"683\" src=\"https:\/\/psv.yookerdesign.nl\/wp-content\/uploads\/2024\/07\/240716PZ49349-1024x683.jpg\" class=\"attachment-large size-large\" alt=\"240716pz49349\" srcset=\"https:\/\/psv.yookerdesign.nl\/wp-content\/uploads\/2024\/07\/240716PZ49349-1024x683.jpg 1024w, https:\/\/psv.yookerdesign.nl\/wp-content\/uploads\/2024\/07\/240716PZ49349-300x200.jpg 300w, https:\/\/psv.yookerdesign.nl\/wp-content\/uploads\/2024\/07\/240716PZ49349-18x12.jpg 18w, https:\/\/psv.yookerdesign.nl\/wp-content\/uploads\/2024\/07\/240716PZ49349-450x300.jpg 450w, https:\/\/psv.yookerdesign.nl\/wp-content\/uploads\/2024\/07\/240716PZ49349-240x160.jpg 240w, https:\/\/psv.yookerdesign.nl\/wp-content\/uploads\/2024\/07\/240716PZ49349-1400x933.jpg 1400w, https:\/\/psv.yookerdesign.nl\/wp-content\/uploads\/2024\/07\/240716PZ49349-600x400.jpg 600w\" sizes=\"(max-width: 1024px) 100vw, 1024px\" \/><\/div><\/div><\/div><\/div><\/div><\/div><\/section><section class=\"l-section wpb_row height_medium\"><div class=\"l-section-h i-cf\"><div class=\"g-cols vc_row via_flex valign_middle type_default stacking_default\"><div class=\"vc_col-sm-6 wpb_column vc_column_container stretched\"><div class=\"vc_column-inner us_custom_480d4630\"><div class=\"wpb_wrapper\"><div class=\"w-post-elm post_custom_field type_image option|vision_content_afbeelding_5 color_link_inherit\"><img decoding=\"async\" width=\"980\" height=\"653\" src=\"https:\/\/psv.yookerdesign.nl\/wp-content\/uploads\/2023\/12\/64903.jpg\" class=\"attachment-large size-large\" alt=\"64903\" srcset=\"https:\/\/psv.yookerdesign.nl\/wp-content\/uploads\/2023\/12\/64903.jpg 980w, https:\/\/psv.yookerdesign.nl\/wp-content\/uploads\/2023\/12\/64903-300x200.jpg 300w, https:\/\/psv.yookerdesign.nl\/wp-content\/uploads\/2023\/12\/64903-18x12.jpg 18w, https:\/\/psv.yookerdesign.nl\/wp-content\/uploads\/2023\/12\/64903-450x300.jpg 450w, https:\/\/psv.yookerdesign.nl\/wp-content\/uploads\/2023\/12\/64903-240x160.jpg 240w, https:\/\/psv.yookerdesign.nl\/wp-content\/uploads\/2023\/12\/64903-600x400.jpg 600w\" sizes=\"(max-width: 980px) 100vw, 980px\" \/><\/div><\/div><\/div><\/div><div class=\"vc_col-sm-6 wpb_column vc_column_container\"><div class=\"vc_column-inner\"><div class=\"wpb_wrapper\"><h3 class=\"w-post-elm post_custom_field child-backdrop type_text option|vision_content_titel_5 color_link_inherit\"><span class=\"w-post-elm-value\">Nivel 4: Pr\u00e1cticas (por invitaci\u00f3n)<\/span><\/h3><div class=\"w-separator size_medium\"><\/div><div class=\"w-post-elm post_custom_field type_text option|vision_content_tekst_5 color_link_inherit\"><p>A quienes completen con \u00e9xito la tutor\u00eda, les espera la cima: el nivel 4, las pr\u00e1cticas. Este programa exclusivo de dos semanas te invita a unirte a los equipos de nuestra academia y demostrar tus habilidades como entrenador en el escenario m\u00e1s grandioso. Es una invitaci\u00f3n para unos pocos elegidos, pero las posibilidades son infinitas.<\/p>\n<p>Aqu\u00ed pasar\u00e1s a formar parte de la familia de la Academia de Entrenadores PSV, trabajando junto a profesionales experimentados. Es una oportunidad para poner en pr\u00e1ctica tus conocimientos y habilidades, demostrando tu val\u00eda como entrenador. Impresi\u00f3nanos, supera nuestras expectativas, y puede que te encuentres entre los entrenadores de \u00e9lite del PSV.<\/p>\n<p>Tu viaje a trav\u00e9s de la Pir\u00e1mide de Desarrollo no consiste s\u00f3lo en ganar estrellas; se trata de encender tu pasi\u00f3n de entrenador y perfeccionar tus habilidades. \u00danete a nosotros y juntos daremos forma al futuro del f\u00fatbol. Atr\u00e9vete a so\u00f1ar, a entrenar y a liberar tu potencial en la Academia de Entrenadores del PSV.<\/p>\n<\/div><\/div><\/div><\/div><\/div><\/div><\/section>","protected":false},"excerpt":{"rendered":"VisieVisieDe PSV Coaching Academy Ontwikkel PiramideBij de PSV Coaching Academy geloven we in het samen cre\u00ebren van de sterren van de toekomst. Ons doel is daarin niet alleen om spelers te ontwikkelen maar ook trainers. Onze unieke ontwikkeling pyramide is ontworpen om toegewijde coaches te ontwikkelen tot uitzonderlijke leiders in het spel. Net zoals de...","protected":false},"author":1,"featured_media":0,"parent":0,"menu_order":0,"comment_status":"closed","ping_status":"closed","template":"","meta":{"_acf_changed":false,"_seopress_robots_primary_cat":"","_seopress_titles_title":"Visie | PSV Coaching Academy","_seopress_titles_desc":"PSV Coaching Academy gelooft in het samen cre\u00ebren van sterren van de toekomst. Ons doel is niet alleen om spelers te ontwikkelen maar ook trainers","_seopress_robots_index":"","footnotes":""},"class_list":["post-8660","page","type-page","status-publish","hentry"],"acf":[],"_links":{"self":[{"href":"https:\/\/psv.yookerdesign.nl\/es\/wp-json\/wp\/v2\/pages\/8660","targetHints":{"allow":["GET"]}}],"collection":[{"href":"https:\/\/psv.yookerdesign.nl\/es\/wp-json\/wp\/v2\/pages"}],"about":[{"href":"https:\/\/psv.yookerdesign.nl\/es\/wp-json\/wp\/v2\/types\/page"}],"author":[{"embeddable":true,"href":"https:\/\/psv.yookerdesign.nl\/es\/wp-json\/wp\/v2\/users\/1"}],"replies":[{"embeddable":true,"href":"https:\/\/psv.yookerdesign.nl\/es\/wp-json\/wp\/v2\/comments?post=8660"}],"version-history":[{"count":0,"href":"https:\/\/psv.yookerdesign.nl\/es\/wp-json\/wp\/v2\/pages\/8660\/revisions"}],"wp:attachment":[{"href":"https:\/\/psv.yookerdesign.nl\/es\/wp-json\/wp\/v2\/media?parent=8660"}],"curies":[{"name":"wp","href":"https:\/\/api.w.org\/{rel}","templated":true}]}}