{"id":8681,"date":"2023-09-15T08:13:06","date_gmt":"2023-09-15T06:13:06","guid":{"rendered":"http:\/\/psv.yookerdesign.nl\/?page_id=8681"},"modified":"2024-07-15T15:20:31","modified_gmt":"2024-07-15T13:20:31","slug":"the-academy","status":"publish","type":"page","link":"https:\/\/psv.yookerdesign.nl\/es\/the-academy\/","title":{"rendered":"La Academia"},"content":{"rendered":"<section class=\"l-section wpb_row hide_on_mobiles height_auto\"><div class=\"l-section-h i-cf\"><div class=\"g-cols vc_row via_flex valign_top type_default stacking_default\" style=\"--additional-gap:0.5rem;\"><div class=\"vc_col-sm-3\/5 wpb_column vc_column_container stretched\"><div class=\"vc_column-inner us_custom_ed1d14ae\"><div class=\"wpb_wrapper\"><div class=\"w-post-elm post_custom_field us_custom_0a731c65 banner-foto type_image option|academy_bannerfoto_1 color_link_inherit\"><img decoding=\"async\" width=\"1024\" height=\"683\" src=\"https:\/\/psv.yookerdesign.nl\/wp-content\/uploads\/2024\/07\/240716PZ42090-1024x683.jpg\" class=\"attachment-large size-large\" alt=\"240716pz42090\" srcset=\"https:\/\/psv.yookerdesign.nl\/wp-content\/uploads\/2024\/07\/240716PZ42090-1024x683.jpg 1024w, https:\/\/psv.yookerdesign.nl\/wp-content\/uploads\/2024\/07\/240716PZ42090-300x200.jpg 300w, https:\/\/psv.yookerdesign.nl\/wp-content\/uploads\/2024\/07\/240716PZ42090-18x12.jpg 18w, https:\/\/psv.yookerdesign.nl\/wp-content\/uploads\/2024\/07\/240716PZ42090-450x300.jpg 450w, https:\/\/psv.yookerdesign.nl\/wp-content\/uploads\/2024\/07\/240716PZ42090-240x160.jpg 240w, https:\/\/psv.yookerdesign.nl\/wp-content\/uploads\/2024\/07\/240716PZ42090-1400x933.jpg 1400w, https:\/\/psv.yookerdesign.nl\/wp-content\/uploads\/2024\/07\/240716PZ42090-600x400.jpg 600w\" sizes=\"(max-width: 1024px) 100vw, 1024px\" \/><\/div><div class=\"w-separator size_custom\" style=\"height:50vh\"><\/div><\/div><\/div><\/div><div class=\"vc_col-sm-2\/5 wpb_column vc_column_container stretched\"><div class=\"vc_column-inner us_custom_e6b302da\"><div class=\"wpb_wrapper\"><div class=\"w-post-elm post_custom_field us_custom_0a731c65 banner-foto type_image option|academy_bannerfoto_2 color_link_inherit\"><img decoding=\"async\" width=\"1024\" height=\"683\" src=\"https:\/\/psv.yookerdesign.nl\/wp-content\/uploads\/2024\/07\/240716PZ42430-1024x683.jpg\" class=\"attachment-large size-large\" alt=\"240716pz42430\" srcset=\"https:\/\/psv.yookerdesign.nl\/wp-content\/uploads\/2024\/07\/240716PZ42430-1024x683.jpg 1024w, https:\/\/psv.yookerdesign.nl\/wp-content\/uploads\/2024\/07\/240716PZ42430-300x200.jpg 300w, https:\/\/psv.yookerdesign.nl\/wp-content\/uploads\/2024\/07\/240716PZ42430-18x12.jpg 18w, https:\/\/psv.yookerdesign.nl\/wp-content\/uploads\/2024\/07\/240716PZ42430-450x300.jpg 450w, https:\/\/psv.yookerdesign.nl\/wp-content\/uploads\/2024\/07\/240716PZ42430-240x160.jpg 240w, https:\/\/psv.yookerdesign.nl\/wp-content\/uploads\/2024\/07\/240716PZ42430-1400x933.jpg 1400w, https:\/\/psv.yookerdesign.nl\/wp-content\/uploads\/2024\/07\/240716PZ42430-600x400.jpg 600w\" sizes=\"(max-width: 1024px) 100vw, 1024px\" \/><\/div><h1 class=\"w-post-elm post_title us_custom_bb260fb6 backdrop klein entry-title color_link_inherit\">La Academia<\/h1><\/div><\/div><\/div><\/div><\/div><\/section><section class=\"l-section wpb_row hide_on_default hide_on_laptops hide_on_tablets height_huge with_img\"><div class=\"l-section-img\" role=\"img\" aria-label=\"240716pz42090\" data-img-width=\"2560\" data-img-height=\"1707\" style=\"background-image: url(https:\/\/psv.yookerdesign.nl\/wp-content\/uploads\/2024\/07\/240716PZ42090-scaled.jpg);background-repeat: no-repeat;\"><\/div><div class=\"l-section-h i-cf\"><div class=\"g-cols vc_row via_flex valign_bottom type_default stacking_default\" style=\"--additional-gap:0.5rem;\"><div class=\"vc_col-sm-12 wpb_column vc_column_container stretched\"><div class=\"vc_column-inner\"><div class=\"wpb_wrapper\"><div class=\"w-separator size_huge\"><\/div><h2 class=\"w-post-elm post_title us_custom_308d7c64 backdrop klein entry-title color_link_inherit\">La Academia<\/h2><\/div><\/div><\/div><\/div><\/div><\/section><section class=\"l-section wpb_row height_large\"><div class=\"l-section-h i-cf\"><div class=\"g-cols vc_row via_flex valign_middle type_default stacking_default\"><div class=\"vc_col-sm-6 wpb_column vc_column_container about_us_speech stretched\"><div class=\"vc_column-inner us_custom_ef9295b8\"><div class=\"wpb_wrapper\"><div class=\"w-post-elm post_custom_field us_custom_492179a4 speech_overons type_image option|academy_content_afbeelding_1 color_link_inherit\"><img decoding=\"async\" width=\"758\" height=\"758\" src=\"https:\/\/psv.yookerdesign.nl\/wp-content\/uploads\/2023\/09\/01-PSV-Academy-program.jpg\" class=\"attachment-large size-large\" alt=\"01 psv academy program\" srcset=\"https:\/\/psv.yookerdesign.nl\/wp-content\/uploads\/2023\/09\/01-PSV-Academy-program.jpg 758w, https:\/\/psv.yookerdesign.nl\/wp-content\/uploads\/2023\/09\/01-PSV-Academy-program-300x300.jpg 300w, https:\/\/psv.yookerdesign.nl\/wp-content\/uploads\/2023\/09\/01-PSV-Academy-program-150x150.jpg 150w, https:\/\/psv.yookerdesign.nl\/wp-content\/uploads\/2023\/09\/01-PSV-Academy-program-600x600.jpg 600w, https:\/\/psv.yookerdesign.nl\/wp-content\/uploads\/2023\/09\/01-PSV-Academy-program-200x200.jpg 200w\" sizes=\"(max-width: 758px) 100vw, 758px\" \/><\/div><\/div><\/div><\/div><div class=\"vc_col-sm-6 wpb_column vc_column_container\"><div class=\"vc_column-inner\"><div class=\"wpb_wrapper\"><div class=\"w-post-elm post_custom_field type_text option|academy_content_tekst_1 color_link_inherit\"><p>Onze trainingsfaciliteit &#8216;<a href=\"https:\/\/www.psv.nl\/club\/herdgang\/psv-campus\" target=\"_blank\" rel=\"noopener\">PSV Campus De Herdgang<\/a>&#8216; ligt aan de rand van Eindhoven in een bosrijke omgeving. Het trainingsveld bestaat uit verschillende velden, waarvan een aantal met een kunstgrasveld, en uitgebreide trainingsfaciliteiten, waaronder een fitnesscentrum en indoor sporthal. PSV Campus De Herdgang, slechts vijf kilometer ten noorden van het Philips Stadion en het centrum van Eindhoven, is niet alleen de trainingsfaciliteit voor het eerste elftal van PSV; ook de jeugd en de PSV Vrouwen spelen hier hun thuiswedstrijden.<\/p>\n<p>Para lograr las ambiciones deportivas del PSV, la cantera propia del club tiene una importancia significativa, sobre todo teniendo en cuenta las diferencias financieras entre los principales pa\u00edses futbol\u00edsticos de Europa y los Pa\u00edses Bajos. Los objetivos de la pol\u00edtica de cantera, reforzada desde el 1 de julio de 2013, se centran principalmente en la transici\u00f3n de los jugadores juveniles a la selecci\u00f3n A del PSV.<\/p>\n<p>El desarrollo del talento individual ocupa un lugar central en la Academia PSV a trav\u00e9s de seis pilares de desarrollo. Este proceso implica una intensa orientaci\u00f3n personal y emplea innovaciones en diversas \u00e1reas. Para cada jugador, el objetivo es alcanzar su techo futbol\u00edstico personal dentro de un entorno de alto rendimiento, donde la cultura del PSV se conserva dentro del estilo de juego y una forma \u00fanica de trabajar.<\/p>\n<p>La trayectoria de un jugador en la Academia del PSV se divide en tres fases: Fundaci\u00f3n (entrenamiento in situ) de O10 a O12, Construcci\u00f3n Media (O13 a O16), y el Plan Profesional de O17 en adelante. Cada fase tiene su propio enfoque espec\u00edfico, con el desarrollo del jugador en el centro, con el objetivo de su eventual transici\u00f3n a la selecci\u00f3n A del PSV.<\/p>\n<\/div><\/div><\/div><\/div><\/div><\/div><\/section><section class=\"l-section wpb_row height_medium\"><div class=\"l-section-h i-cf\"><div class=\"g-cols vc_row via_flex valign_top type_default stacking_default\"><div class=\"vc_col-sm-6 wpb_column vc_column_container\"><div class=\"vc_column-inner\"><div class=\"wpb_wrapper\"><h3 class=\"w-post-elm post_custom_field child-backdrop type_text option|academy_content_titel_2 color_link_inherit\"><span class=\"w-post-elm-value\">Nuestro \"legado<\/span><\/h3><div class=\"w-separator size_medium\"><\/div><div class=\"w-post-elm post_custom_field type_text option|academy_content_tekst_2 color_link_inherit\"><p>El PSV se fund\u00f3 el 31 de agosto de 1913, al t\u00e9rmino de un gran festival deportivo de Philips en honor del centenario de la independencia holandesa. El departamento de f\u00fatbol era uno de los muchos que hab\u00eda en el club.<\/p>\n<h5>Introducci\u00f3n al f\u00fatbol de pago<\/h5>\n<p>El PSV compite en la liga holandesa desde 1914; ascendi\u00f3 a la Eerste Divisie en diez a\u00f1os y ha sido un club puntero desde 1926. El f\u00fatbol profesional se introdujo en 1955 y, poco despu\u00e9s, el PSV se convirti\u00f3 en el primer club holand\u00e9s en participar en la Coupe Europ\u00e9enne, precursora de la actual Liga de Campeones de la UEFA.<\/p>\n<h5>\u00e9xitos<\/h5>\n<p>El PSV tiene una s\u00f3lida historia de \u00e9xitos y una impresionante lista de logros. Se proclam\u00f3 campe\u00f3n de Holanda por primera vez en 1929 y gan\u00f3 su primer t\u00edtulo tras la introducci\u00f3n del f\u00fatbol profesional en 1963, tras una victoria por 5-2. En total se proclamaron campeones veinticuatro veces y ganaron la Copa de la KNVB once veces. El PSV tambi\u00e9n gan\u00f3 catorce veces la Supercopa nacional. El PSV participa en competiciones europeas desde 1974. El primer hito fue la conquista de la Copa de la UEFA en 1978, en la que Willy van der Kuylen desempe\u00f1\u00f3 un papel fundamental. Fue el preludio de una nueva etapa con muchos \u00e9xitos deportivos. En la d\u00e9cada de 1980, las estrellas del PSV ganaron a\u00fan m\u00e1s trofeos: entre 1986 y 1992 conquistaron seis veces el t\u00edtulo holand\u00e9s y tres veces la Copa de la KNVB. Adem\u00e1s, el PSV gan\u00f3 la Liga de Campeones en 1988 y Eindhoven sigue siendo la ciudad m\u00e1s peque\u00f1a en ganar este premio.<\/p>\n<h5>grandes estrellas<\/h5>\n<p>El PSV se gan\u00f3 el reconocimiento mundial por sus \u00e9xitos, lo que contribuy\u00f3 a atraer a varios jugadores destacados. Todo empez\u00f3 con el fichaje de las estrellas brasile\u00f1as Rom\u00e1rio y Ronaldo, que se unieron al PSV porque la red de ojeadores result\u00f3 ser una empresa gratificante. A ellos siguieron numerosos jugadores internacionales de primera fila, como Cocu, Van Nistelrooy, Robben, Van Bommel, Alex, Gomes o Farf\u00e1n, por citar s\u00f3lo algunos.<\/p>\n<p>\u00bfEst\u00e1s preparado para crear las estrellas del ma\u00f1ana?<\/p>\n<\/div><\/div><\/div><\/div><div class=\"vc_col-sm-6 wpb_column vc_column_container stretched\"><div class=\"vc_column-inner us_custom_5cf571f1\"><div class=\"wpb_wrapper\"><div class=\"w-post-elm post_custom_field type_image option|academy_content_afbeelding_2 color_link_inherit\"><img decoding=\"async\" width=\"880\" height=\"756\" src=\"https:\/\/psv.yookerdesign.nl\/wp-content\/uploads\/2023\/09\/04-PSV-Academy-880x756-1.jpg\" class=\"attachment-large size-large\" alt=\"04 psv academy 880x756\" srcset=\"https:\/\/psv.yookerdesign.nl\/wp-content\/uploads\/2023\/09\/04-PSV-Academy-880x756-1.jpg 880w, https:\/\/psv.yookerdesign.nl\/wp-content\/uploads\/2023\/09\/04-PSV-Academy-880x756-1-600x515.jpg 600w, https:\/\/psv.yookerdesign.nl\/wp-content\/uploads\/2023\/09\/04-PSV-Academy-880x756-1-300x258.jpg 300w, https:\/\/psv.yookerdesign.nl\/wp-content\/uploads\/2023\/09\/04-PSV-Academy-880x756-1-349x300.jpg 349w, https:\/\/psv.yookerdesign.nl\/wp-content\/uploads\/2023\/09\/04-PSV-Academy-880x756-1-233x200.jpg 233w\" sizes=\"(max-width: 880px) 100vw, 880px\" \/><\/div><\/div><\/div><\/div><\/div><\/div><\/section>","protected":false},"excerpt":{"rendered":"The academyThe academyOnze trainingsfaciliteit &#8216;PSV Campus De Herdgang&#8216; ligt aan de rand van Eindhoven in een bosrijke omgeving. Het trainingsveld bestaat uit verschillende velden, waarvan een aantal met een kunstgrasveld, en uitgebreide trainingsfaciliteiten, waaronder een fitnesscentrum en indoor sporthal. PSV Campus De Herdgang, slechts vijf kilometer ten noorden van het Philips Stadion en het centrum...","protected":false},"author":1,"featured_media":0,"parent":0,"menu_order":0,"comment_status":"closed","ping_status":"closed","template":"","meta":{"_acf_changed":false,"_seopress_robots_primary_cat":"","_seopress_titles_title":"De PSV Academy | PSV Coaching Academy","_seopress_titles_desc":"Voor de sportieve ambities van PSV is de PSV Academy enorm belangrijk. Het jeugdbeleid is voornamelijk gericht op de doorstroom van jeugdspelers naar PSV 1.","_seopress_robots_index":"","footnotes":""},"class_list":["post-8681","page","type-page","status-publish","hentry"],"acf":[],"_links":{"self":[{"href":"https:\/\/psv.yookerdesign.nl\/es\/wp-json\/wp\/v2\/pages\/8681","targetHints":{"allow":["GET"]}}],"collection":[{"href":"https:\/\/psv.yookerdesign.nl\/es\/wp-json\/wp\/v2\/pages"}],"about":[{"href":"https:\/\/psv.yookerdesign.nl\/es\/wp-json\/wp\/v2\/types\/page"}],"author":[{"embeddable":true,"href":"https:\/\/psv.yookerdesign.nl\/es\/wp-json\/wp\/v2\/users\/1"}],"replies":[{"embeddable":true,"href":"https:\/\/psv.yookerdesign.nl\/es\/wp-json\/wp\/v2\/comments?post=8681"}],"version-history":[{"count":0,"href":"https:\/\/psv.yookerdesign.nl\/es\/wp-json\/wp\/v2\/pages\/8681\/revisions"}],"wp:attachment":[{"href":"https:\/\/psv.yookerdesign.nl\/es\/wp-json\/wp\/v2\/media?parent=8681"}],"curies":[{"name":"wp","href":"https:\/\/api.w.org\/{rel}","templated":true}]}}