{"id":25177,"date":"2025-04-04T10:29:40","date_gmt":"2025-04-04T08:29:40","guid":{"rendered":"http:\/\/psv.yookerdesign.nl\/?post_type=product&#038;p=25177"},"modified":"2025-06-19T11:03:30","modified_gmt":"2025-06-19T09:03:30","slug":"jaarprogramma","status":"publish","type":"product","link":"https:\/\/psv.yookerdesign.nl\/es\/producto\/jaarprogramma\/","title":{"rendered":"Programa anual"},"content":{"rendered":"<p>Aprenda de las metodolog\u00edas de formaci\u00f3n del PSV en este programa online de un a\u00f1o de duraci\u00f3n. A lo largo de una temporada completa, nuestros entrenadores de la PSV Academy te brindar\u00e1n informaci\u00f3n sobre el ADN del PSV y c\u00f3mo se traduce en m\u00e9todos de entrenamiento, periodizaci\u00f3n y principios fundamentales. Tambi\u00e9n lo guiaremos sobre c\u00f3mo implementar estas t\u00e9cnicas para sesiones de capacitaci\u00f3n de alta calidad. Recibir\u00e1s varias herramientas para tus sesiones de entrenamiento, incluidos ejercicios de pr\u00e1ctica, an\u00e1lisis, una variedad de habilidades y la oportunidad de ser parte del proceso de aprendizaje junto a un entrenador del PSV durante su temporada. Le proporcionamos formatos de planificaci\u00f3n de PSV y lo alentamos a registrar sus reflexiones y experiencias de aprendizaje en su cuaderno de trabajo. Adem\u00e1s, interactuar\u00e1 con otros participantes a trav\u00e9s del foro para intercambiar experiencias y preguntas, y llevaremos a cabo sesiones de conocimiento interactivas. Adem\u00e1s, tendr\u00e1s acceso a una gran cantidad de contenido adicional, incluidos seminarios web y sesiones de capacitaci\u00f3n de fuentes como la sala de entrenadores y GoodHabitz. A lo largo del programa de 36 semanas, cubrir\u00e1 todos los principios del PSV.<\/p>\n<h5>\u00bfQu\u00e9 puede esperar y cu\u00e1les son los costes?<\/h5>\n<p>Durante el programa en l\u00ednea de un a\u00f1o de duraci\u00f3n, seguir\u00e1s la progresi\u00f3n de la temporada, comenzando con la fase de preparaci\u00f3n, y observar\u00e1s c\u00f3mo nuestros entrenadores de la Academia PSV construyen la temporada, centr\u00e1ndose tanto en el desarrollo individual como en equipo. La estructura cronol\u00f3gica del programa te permite vivir una temporada completa y todos los temas cubiertos son inmediatamente aplicables a tu propio equipo. En cada m\u00f3dulo, recibir\u00e1 ejercicios de pr\u00e1ctica semanales, an\u00e1lisis, animaciones y consejos y trucos sobre diversos aspectos de la metodolog\u00eda PSV. El foro del entorno de aprendizaje digital brinda la oportunidad de intercambiar experiencias con otros participantes. Cada seis semanas realizamos sesiones interactivas en l\u00ednea para evaluaciones conjuntas y resolver cualquier duda.<\/p>\n<p>Het online jaarprogramma kost \u20ac549,- en levert je 5 KNVB-licentiepunten op.<\/p>\n<h5>\u00bfPara qui\u00e9n?<\/h5>\n<p>Entrenadores apasionados que se esfuerzan por mejorar cada d\u00eda. El nivel de tu propio equipo no es importante; cada ejercicio va acompa\u00f1ado de instrucciones sobre c\u00f3mo hacerlo m\u00e1s f\u00e1cil o m\u00e1s desafiante.<\/p>\n<h5>Quando?<\/h5>\n<p>Cada primer lunes de mes, un nuevo grupo de participantes emprende su viaje online a trav\u00e9s de la Academia PSV.<\/p>","protected":false},"excerpt":{"rendered":"<p>Leer in dit online jaarprogramma van de trainingsmethodieken van PSV. Gedurende een heel seizoen leer je van onze PSV Academy trainers over het PSV DNA en hoe dat vertaald is naar trainingsmethodieken, periodisering en basisprincipes. Ook maken we direct de vertaling naar hoe jij dit zelf kan gebruiken voor trainingen van hoge kwaliteit. Je krijgt&#8230;<\/p>","protected":false},"featured_media":24703,"template":"","meta":{"_acf_changed":false,"_seopress_robots_primary_cat":"none","_seopress_titles_title":"Jaarprogramma | PSV Coaching Academy","_seopress_titles_desc":"Leer in dit online jaarprogramma alle basisprincipes en trainingsmethodieken van de PSV Coaching Academy trainers.","_seopress_robots_index":""},"product_brand":[],"product_cat":[21],"product_tag":[],"class_list":{"0":"post-25177","1":"product","2":"type-product","3":"status-publish","4":"has-post-thumbnail","6":"product_cat-geen-categorie","8":"first","9":"outofstock","10":"virtual","11":"taxable","12":"purchasable","13":"product-type-simple"},"acf":[],"_links":{"self":[{"href":"https:\/\/psv.yookerdesign.nl\/es\/wp-json\/wp\/v2\/product\/25177","targetHints":{"allow":["GET"]}}],"collection":[{"href":"https:\/\/psv.yookerdesign.nl\/es\/wp-json\/wp\/v2\/product"}],"about":[{"href":"https:\/\/psv.yookerdesign.nl\/es\/wp-json\/wp\/v2\/types\/product"}],"wp:featuredmedia":[{"embeddable":true,"href":"https:\/\/psv.yookerdesign.nl\/es\/wp-json\/wp\/v2\/media\/24703"}],"wp:attachment":[{"href":"https:\/\/psv.yookerdesign.nl\/es\/wp-json\/wp\/v2\/media?parent=25177"}],"wp:term":[{"taxonomy":"product_brand","embeddable":true,"href":"https:\/\/psv.yookerdesign.nl\/es\/wp-json\/wp\/v2\/product_brand?post=25177"},{"taxonomy":"product_cat","embeddable":true,"href":"https:\/\/psv.yookerdesign.nl\/es\/wp-json\/wp\/v2\/product_cat?post=25177"},{"taxonomy":"product_tag","embeddable":true,"href":"https:\/\/psv.yookerdesign.nl\/es\/wp-json\/wp\/v2\/product_tag?post=25177"}],"curies":[{"name":"wp","href":"https:\/\/api.w.org\/{rel}","templated":true}]}}