{"id":25178,"date":"2025-04-04T10:42:25","date_gmt":"2025-04-04T08:42:25","guid":{"rendered":"http:\/\/psv.yookerdesign.nl\/?post_type=product&#038;p=25178"},"modified":"2025-06-10T13:38:11","modified_gmt":"2025-06-10T11:38:11","slug":"hybride-jaarprogramma","status":"publish","type":"product","link":"https:\/\/psv.yookerdesign.nl\/es\/producto\/hybride-jaarprogramma\/","title":{"rendered":"Programa anual h\u00edbrido"},"content":{"rendered":"<p>Adem\u00e1s del programa anual en l\u00ednea en el que sigues digitalmente a un equipo juvenil, se te invitar\u00e1 una vez despu\u00e9s de la temporada al PSV Campus De Herdgang para una sesi\u00f3n de cuatro d\u00edas de \"formaci\u00f3n de entrenadores\". Equipado con su propio portapapeles y bloc de notas del PSV, le brindaremos capacitaci\u00f3n en vivo sobre la forma de trabajar del PSV. Durante tu visita a De Herdgang, estar\u00e1s completamente inmerso en la experiencia de la Academia PSV. El programa incluye extensas actividades en el campo, lo que te brinda la oportunidad de demostrar tu val\u00eda como entrenador del PSV. Qui\u00e9n sabe, puede que nos volvamos a ver en la Academia del PSV o en la Escuela de F\u00fatbol del PSV en el futuro.<\/p>\n<h5>Wat kun je verwachten en hoeveel kost het?<\/h5>\n<p>Naast het online jaarprogramma waarin je digitaal meeloopt met een jeugdteam word je een keer aan het einde van het seizoen voor vier dagen uitgenodigd op PSV Campus De Herdgang voor een \u2018train de trainer\u2019 sessie. Tijdens deze sessie word je live getraind op de PSV manier van werken. Tijdens de vierdaagse wordt het programma veelvuldig op het veld afgehandeld. Gedurende de veldtraining wordt er door de PSV Trainers ook gekeken naar wie er mogelijk in aanmerking komt voor een trainersfunctie binnen de PSV Academy of <span style=\"text-decoration: underline;\"><a href=\"https:\/\/www.psv.nl\/soccer-school\/home\" target=\"_blank\" rel=\"noopener\">PSV Soccer School<\/a><\/span>.<\/p>\n<p>El programa anual h\u00edbrido cuesta 995 euros y te da 7 puntos de licencia KNVB.<\/p>\n<h5>\u00bfPara qui\u00e9n?<\/h5>\n<p>Entrenadores apasionados que se esfuerzan por mejorar cada d\u00eda. El nivel de tu propio equipo no es importante; cada ejercicio va acompa\u00f1ado de instrucciones sobre c\u00f3mo hacerlo m\u00e1s f\u00e1cil o m\u00e1s desafiante.<\/p>\n<h5>Quando?<\/h5>\n<p>Cada primer lunes de mes, un nuevo grupo de participantes emprende su viaje online a trav\u00e9s de la Academia PSV. Los Live Days en Herdgang se organizan una vez al a\u00f1o al final de la temporada en junio. Se le notificar\u00e1 con antelaci\u00f3n de los detalles.<\/p>","protected":false},"excerpt":{"rendered":"<p>Naast het online jaarprogramma waarin je digitaal meeloopt met een jeugdteam word je \u00e9\u00e9n keer na het seizoen uitgenodigd op PSV Campus De Herdgang voor een vierdaagse `train de trainer&#8217; sessie. Met je eigen PSV-clipboard en notitieblok zullen wij je live trainen op de PSV manier van werken, Tijdens jouw bezoek aan de Herdgang zullen&#8230;<\/p>","protected":false},"featured_media":24702,"template":"","meta":{"_acf_changed":false,"_seopress_robots_primary_cat":"none","_seopress_titles_title":"Hybride Jaarprogramma | PSV Coaching Academy","_seopress_titles_desc":"Naast het online jaarprogramma word je uitgenodigd op PSV Campus De Herdgang voor een vierdaagse trainingssessie.","_seopress_robots_index":""},"product_brand":[],"product_cat":[21],"product_tag":[],"class_list":{"0":"post-25178","1":"product","2":"type-product","3":"status-publish","4":"has-post-thumbnail","6":"product_cat-geen-categorie","8":"first","9":"outofstock","10":"virtual","11":"taxable","12":"purchasable","13":"product-type-simple"},"acf":[],"_links":{"self":[{"href":"https:\/\/psv.yookerdesign.nl\/es\/wp-json\/wp\/v2\/product\/25178","targetHints":{"allow":["GET"]}}],"collection":[{"href":"https:\/\/psv.yookerdesign.nl\/es\/wp-json\/wp\/v2\/product"}],"about":[{"href":"https:\/\/psv.yookerdesign.nl\/es\/wp-json\/wp\/v2\/types\/product"}],"wp:featuredmedia":[{"embeddable":true,"href":"https:\/\/psv.yookerdesign.nl\/es\/wp-json\/wp\/v2\/media\/24702"}],"wp:attachment":[{"href":"https:\/\/psv.yookerdesign.nl\/es\/wp-json\/wp\/v2\/media?parent=25178"}],"wp:term":[{"taxonomy":"product_brand","embeddable":true,"href":"https:\/\/psv.yookerdesign.nl\/es\/wp-json\/wp\/v2\/product_brand?post=25178"},{"taxonomy":"product_cat","embeddable":true,"href":"https:\/\/psv.yookerdesign.nl\/es\/wp-json\/wp\/v2\/product_cat?post=25178"},{"taxonomy":"product_tag","embeddable":true,"href":"https:\/\/psv.yookerdesign.nl\/es\/wp-json\/wp\/v2\/product_tag?post=25178"}],"curies":[{"name":"wp","href":"https:\/\/api.w.org\/{rel}","templated":true}]}}