{"id":7476,"date":"2023-09-14T10:11:07","date_gmt":"2023-09-14T08:11:07","guid":{"rendered":"http:\/\/psv.yookerdesign.nl\/?post_type=product&#038;p=7476"},"modified":"2025-03-21T20:04:47","modified_gmt":"2025-03-21T19:04:47","slug":"psv-interest-days","status":"publish","type":"product","link":"https:\/\/psv.yookerdesign.nl\/es\/producto\/psv-interest-days\/","title":{"rendered":"D\u00edas de inter\u00e9s"},"content":{"rendered":"<p>\u00bfSiempre has querido saber c\u00f3mo trabajamos en la Academia del PSV para guiar de forma \u00f3ptima a los talentos en su desarrollo? \u00bfCu\u00e1l es nuestra visi\u00f3n del f\u00fatbol y c\u00f3mo entrenamos para ofrecer el m\u00e1ximo rendimiento? Esta es tu oportunidad de echar un vistazo exclusivo al interior de la Academia PSV. Estamos organizando una \"jornada de inter\u00e9s de dos d\u00edas\" para que los entrenadores motivados adquieran conocimientos y experiencia y aprendan de nosotros:<\/p>\n<h4>Jornadas de inter\u00e9s de dos d\u00edas:<\/h4>\n<p>Un evento para ti como entrenador de f\u00fatbol, en el que durante 2 d\u00edas conocer\u00e1s la visi\u00f3n y los m\u00e9todos de trabajo de varias unidades dentro de la Academia del PSV. Obtendr\u00e1s informaci\u00f3n exclusiva de entrenadores y personal t\u00e9cnico, el personal de rendimiento, an\u00e1lisis de v\u00eddeo, explicaci\u00f3n del comportamiento de rendimiento, observar\u00e1s sesiones de entrenamiento y mucho m\u00e1s.<\/p>\n<p>El almuerzo, la cena y el partido del Jong PSV est\u00e1n incluidos en el programa. Tambi\u00e9n recibir\u00e1s un certificado de participaci\u00f3n en la Academia de Entrenadores del PSV. Adem\u00e1s, como entrenador holand\u00e9s, tambi\u00e9n ganar\u00e1s 6 puntos de licencia KNVB despu\u00e9s de completar nuestro programa.<\/p>\n<p>\u00bfLe interesa conocer en exclusiva la Academia PSV? Aseg\u00farate tu plaza, \u00a1s\u00f3lo hay 35 plazas disponibles por sesi\u00f3n!<\/p>","protected":false},"excerpt":{"rendered":"<p>Heb je altijd al willen weten hoe we op de PSV Academy te werk gaan om talenten optimaal te begeleiden in hun ontwikkeling? Wat onze voetbalvisie is en hoe we trainen om topprestaties te leveren? Dit is je kans voor een exclusief kijkje in de PSV Academy. We organiseren een &#8217;tweedaagse interest day&#8217; voor gemotiveerde&#8230;<\/p>","protected":false},"featured_media":24710,"template":"","meta":{"_acf_changed":false,"_seopress_robots_primary_cat":"none","_seopress_titles_title":"PSV Interest Days | PSV Coaching Academy","_seopress_titles_desc":"Benieuwd hoe we op de PSV Academy te werk gaan om talenten optimaal te ontwikkelen? Dit is je kans voor een exclusief kijkje in de PSV Academy!","_seopress_robots_index":""},"product_brand":[],"product_cat":[21],"product_tag":[],"class_list":{"0":"post-7476","1":"product","2":"type-product","3":"status-publish","4":"has-post-thumbnail","6":"product_cat-geen-categorie","8":"first","9":"outofstock","10":"taxable","11":"shipping-taxable","12":"purchasable","13":"product-type-variable"},"acf":[],"_links":{"self":[{"href":"https:\/\/psv.yookerdesign.nl\/es\/wp-json\/wp\/v2\/product\/7476","targetHints":{"allow":["GET"]}}],"collection":[{"href":"https:\/\/psv.yookerdesign.nl\/es\/wp-json\/wp\/v2\/product"}],"about":[{"href":"https:\/\/psv.yookerdesign.nl\/es\/wp-json\/wp\/v2\/types\/product"}],"wp:featuredmedia":[{"embeddable":true,"href":"https:\/\/psv.yookerdesign.nl\/es\/wp-json\/wp\/v2\/media\/24710"}],"wp:attachment":[{"href":"https:\/\/psv.yookerdesign.nl\/es\/wp-json\/wp\/v2\/media?parent=7476"}],"wp:term":[{"taxonomy":"product_brand","embeddable":true,"href":"https:\/\/psv.yookerdesign.nl\/es\/wp-json\/wp\/v2\/product_brand?post=7476"},{"taxonomy":"product_cat","embeddable":true,"href":"https:\/\/psv.yookerdesign.nl\/es\/wp-json\/wp\/v2\/product_cat?post=7476"},{"taxonomy":"product_tag","embeddable":true,"href":"https:\/\/psv.yookerdesign.nl\/es\/wp-json\/wp\/v2\/product_tag?post=7476"}],"curies":[{"name":"wp","href":"https:\/\/api.w.org\/{rel}","templated":true}]}}