{"id":7612,"date":"2023-09-14T10:27:59","date_gmt":"2023-09-14T08:27:59","guid":{"rendered":"http:\/\/psv.yookerdesign.nl\/?post_type=product&#038;p=7612"},"modified":"2025-06-10T13:39:19","modified_gmt":"2025-06-10T11:39:19","slug":"six-week-program","status":"publish","type":"product","link":"https:\/\/psv.yookerdesign.nl\/es\/producto\/six-week-program\/","title":{"rendered":"Programa de seis semanas"},"content":{"rendered":"<p>Aprenda las metodolog\u00edas de formaci\u00f3n de PSV en s\u00f3lo seis semanas. A trav\u00e9s de nuestro programa de aprendizaje en l\u00ednea, te guiar\u00e1 un entrenador del PSV que te explicar\u00e1 la visi\u00f3n y la estructura que hay detr\u00e1s de estas metodolog\u00edas. Tambi\u00e9n obtendr\u00e1s informaci\u00f3n sobre los correspondientes programas de entrenamiento, ejercicios de pr\u00e1ctica y an\u00e1lisis de partidos. Cada bloque de seis semanas se centra en un principio fundamental de nuestro enfoque.<\/p>\n<h5>\u00bfQu\u00e9 puede esperar y cu\u00e1les son los costes?<\/h5>\n<p>Iedere week ontvang je een inhoudelijk magazine met videobeelden, trainingsschema\u2019s, analyses en animaties en een \u2018how-to\u2019 video op een specifiek onderwerp wat direct toepasbaar is op je eigen team. In het Coaching Academy forum hebben trainers de mogelijkheid om samen te sparren over inzichten, ervaringen en vragen. Daarnaast kun je deelnemen aan een interactieve online sessie waarin gezamenlijk wordt gekeken naar de geleerde materie en andere vragen worden beantwoord. Een zesweekse module kost \u20ac119,- en levert je 2 KNVB-licentiepunten op.<\/p>\n<h5>\u00bfPara qui\u00e9n?<\/h5>\n<p>Entrenadores apasionados que se esfuerzan por mejorar cada d\u00eda. El nivel de tu propio equipo no es importante; cada ejercicio va acompa\u00f1ado de instrucciones sobre c\u00f3mo hacerlo m\u00e1s f\u00e1cil o m\u00e1s desafiante.<\/p>\n<h5>Quando?<\/h5>\n<p>Puede empezar inmediatamente despu\u00e9s de comprar su m\u00f3dulo. Cada semana es libre de programar cu\u00e1ndo tomar el contenido. Cada semana dedicar\u00e1s aproximadamente 1,5 horas al contenido del m\u00f3dulo y a planificar y reflexionar sobre tus propias sesiones de formaci\u00f3n. Al final del m\u00f3dulo de seis semanas, revisaremos juntos este m\u00f3dulo a trav\u00e9s de una sesi\u00f3n en l\u00ednea.<\/p>","protected":false},"excerpt":{"rendered":"<p>Leer in zes weken van de trainingsmethodieken van PSV. Via het online leerprogramma leer je van een PSV Trainer over de visie achter en de opbouw van de methodieken en leer je over bijpassende trainingsschema\u2019s, oefenvormen en wedstrijdanalyses. In een zes weeks blok komt 1 basisprincipe van de manier van werken aan bod. Wat kun&#8230;<\/p>","protected":false},"featured_media":24709,"template":"","meta":{"_acf_changed":false,"_seopress_robots_primary_cat":"none","_seopress_titles_title":"Zesweekse programma | PSV Coaching Academy","_seopress_titles_desc":"Via het online leerprogramma leer je in zes weken van een PSV Academy trainer over de visie achter trainingsschema\u2019s, wedstrijdanalyses en meer.","_seopress_robots_index":""},"product_brand":[],"product_cat":[21],"product_tag":[],"class_list":{"0":"post-7612","1":"product","2":"type-product","3":"status-publish","4":"has-post-thumbnail","6":"product_cat-geen-categorie","8":"first","9":"outofstock","10":"taxable","11":"shipping-taxable","12":"purchasable","13":"product-type-simple"},"acf":[],"_links":{"self":[{"href":"https:\/\/psv.yookerdesign.nl\/es\/wp-json\/wp\/v2\/product\/7612","targetHints":{"allow":["GET"]}}],"collection":[{"href":"https:\/\/psv.yookerdesign.nl\/es\/wp-json\/wp\/v2\/product"}],"about":[{"href":"https:\/\/psv.yookerdesign.nl\/es\/wp-json\/wp\/v2\/types\/product"}],"wp:featuredmedia":[{"embeddable":true,"href":"https:\/\/psv.yookerdesign.nl\/es\/wp-json\/wp\/v2\/media\/24709"}],"wp:attachment":[{"href":"https:\/\/psv.yookerdesign.nl\/es\/wp-json\/wp\/v2\/media?parent=7612"}],"wp:term":[{"taxonomy":"product_brand","embeddable":true,"href":"https:\/\/psv.yookerdesign.nl\/es\/wp-json\/wp\/v2\/product_brand?post=7612"},{"taxonomy":"product_cat","embeddable":true,"href":"https:\/\/psv.yookerdesign.nl\/es\/wp-json\/wp\/v2\/product_cat?post=7612"},{"taxonomy":"product_tag","embeddable":true,"href":"https:\/\/psv.yookerdesign.nl\/es\/wp-json\/wp\/v2\/product_tag?post=7612"}],"curies":[{"name":"wp","href":"https:\/\/api.w.org\/{rel}","templated":true}]}}